{"id":109,"date":"2019-11-17T11:41:43","date_gmt":"2019-11-17T10:41:43","guid":{"rendered":"https:\/\/clubdevoilevalenciennes.wordpress.com\/?page_id=109"},"modified":"2024-07-25T09:02:59","modified_gmt":"2024-07-25T07:02:59","slug":"les-cours","status":"publish","type":"page","link":"https:\/\/www.voile-valenciennes.fr\/index.php\/les-cours\/","title":{"rendered":"Les cours"},"content":{"rendered":"\n<figure class=\"wp-block-video aligncenter\"><video height=\"352\" style=\"aspect-ratio: 640 \/ 352;\" width=\"640\" autoplay loop src=\"https:\/\/www.voile-valenciennes.fr\/wp-content\/uploads\/2019\/12\/WhatsApp-Video-2019-09-26-at-13.53.40.mp4\"><\/video><\/figure>\n\n\n\n<div style=\"height:34px\" aria-hidden=\"true\" class=\"wp-block-spacer\"><\/div>\n\n\n\n<hr class=\"wp-block-separator has-text-color has-cyan-bluish-gray-color has-css-opacity has-cyan-bluish-gray-background-color has-background is-style-wide\"\/>\n\n\n\n<div style=\"height:34px\" aria-hidden=\"true\" class=\"wp-block-spacer\"><\/div>\n\n\n\n<div class=\"wp-block-media-text alignwide has-media-on-the-right is-image-fill is-stacked-on-mobile\"><div class=\"wp-block-media-text__content\">\n<h2 class=\"wp-block-heading has-text-align-center has-text-color\" style=\"color:#256090\">Les cours particuliers <\/h2>\n\n\n\n<p class=\"has-medium-font-size\">Nos moniteurs sont \u00e0 votre disposition pour des cours particuliers adapt\u00e9s \u00e0 votre niveau et \u00e0 vos envies.<\/p>\n<\/div><figure class=\"wp-block-media-text__media\" style=\"background-image:url(https:\/\/www.voile-valenciennes.fr\/wp-content\/uploads\/2019\/11\/WhatsApp-Image-2019-09-26-at-13.49.47-1-1024x768.jpeg);background-position:50% 50%\"><img data-recalc-dims=\"1\" fetchpriority=\"high\" decoding=\"async\" width=\"790\" height=\"593\" src=\"https:\/\/i0.wp.com\/www.voile-valenciennes.fr\/wp-content\/uploads\/2019\/11\/WhatsApp-Image-2019-09-26-at-13.49.47-1.jpeg?resize=790%2C593&#038;ssl=1\" alt=\"\" class=\"wp-image-1107 size-full\" srcset=\"https:\/\/i0.wp.com\/www.voile-valenciennes.fr\/wp-content\/uploads\/2019\/11\/WhatsApp-Image-2019-09-26-at-13.49.47-1.jpeg?resize=1024%2C768&amp;ssl=1 1024w, https:\/\/i0.wp.com\/www.voile-valenciennes.fr\/wp-content\/uploads\/2019\/11\/WhatsApp-Image-2019-09-26-at-13.49.47-1.jpeg?resize=300%2C225&amp;ssl=1 300w, https:\/\/i0.wp.com\/www.voile-valenciennes.fr\/wp-content\/uploads\/2019\/11\/WhatsApp-Image-2019-09-26-at-13.49.47-1.jpeg?resize=768%2C576&amp;ssl=1 768w, https:\/\/i0.wp.com\/www.voile-valenciennes.fr\/wp-content\/uploads\/2019\/11\/WhatsApp-Image-2019-09-26-at-13.49.47-1.jpeg?resize=1536%2C1152&amp;ssl=1 1536w, https:\/\/i0.wp.com\/www.voile-valenciennes.fr\/wp-content\/uploads\/2019\/11\/WhatsApp-Image-2019-09-26-at-13.49.47-1.jpeg?resize=700%2C525&amp;ssl=1 700w, https:\/\/i0.wp.com\/www.voile-valenciennes.fr\/wp-content\/uploads\/2019\/11\/WhatsApp-Image-2019-09-26-at-13.49.47-1.jpeg?resize=533%2C400&amp;ssl=1 533w, https:\/\/i0.wp.com\/www.voile-valenciennes.fr\/wp-content\/uploads\/2019\/11\/WhatsApp-Image-2019-09-26-at-13.49.47-1.jpeg?w=1600&amp;ssl=1 1600w\" sizes=\"(max-width: 790px) 100vw, 790px\" \/><\/figure><\/div>\n\n\n\n<div style=\"height:32px\" aria-hidden=\"true\" class=\"wp-block-spacer\"><\/div>\n\n\n\n<hr class=\"wp-block-separator has-text-color has-cyan-bluish-gray-color has-css-opacity has-cyan-bluish-gray-background-color has-background is-style-wide\"\/>\n\n\n\n<div style=\"height:43px\" aria-hidden=\"true\" class=\"wp-block-spacer\"><\/div>\n\n\n\n<div class=\"wp-block-media-text alignwide is-image-fill is-stacked-on-mobile\"><figure class=\"wp-block-media-text__media\" style=\"background-image:url(https:\/\/www.voile-valenciennes.fr\/wp-content\/uploads\/2023\/04\/20230401_165515-1024x576.jpg);background-position:50% 50%\"><img data-recalc-dims=\"1\" decoding=\"async\" width=\"790\" height=\"444\" src=\"https:\/\/i0.wp.com\/www.voile-valenciennes.fr\/wp-content\/uploads\/2023\/04\/20230401_165515.jpg?resize=790%2C444&#038;ssl=1\" alt=\"\" class=\"wp-image-3519 size-full\" srcset=\"https:\/\/i0.wp.com\/www.voile-valenciennes.fr\/wp-content\/uploads\/2023\/04\/20230401_165515-scaled.jpg?resize=1024%2C576&amp;ssl=1 1024w, https:\/\/i0.wp.com\/www.voile-valenciennes.fr\/wp-content\/uploads\/2023\/04\/20230401_165515-scaled.jpg?resize=300%2C169&amp;ssl=1 300w, https:\/\/i0.wp.com\/www.voile-valenciennes.fr\/wp-content\/uploads\/2023\/04\/20230401_165515-scaled.jpg?resize=768%2C432&amp;ssl=1 768w, https:\/\/i0.wp.com\/www.voile-valenciennes.fr\/wp-content\/uploads\/2023\/04\/20230401_165515-scaled.jpg?resize=1536%2C864&amp;ssl=1 1536w, https:\/\/i0.wp.com\/www.voile-valenciennes.fr\/wp-content\/uploads\/2023\/04\/20230401_165515-scaled.jpg?resize=2048%2C1152&amp;ssl=1 2048w, https:\/\/i0.wp.com\/www.voile-valenciennes.fr\/wp-content\/uploads\/2023\/04\/20230401_165515-scaled.jpg?resize=1920%2C1080&amp;ssl=1 1920w, https:\/\/i0.wp.com\/www.voile-valenciennes.fr\/wp-content\/uploads\/2023\/04\/20230401_165515-scaled.jpg?w=2370&amp;ssl=1 2370w\" sizes=\"(max-width: 790px) 100vw, 790px\" \/><\/figure><div class=\"wp-block-media-text__content\">\n<h2 class=\"wp-block-heading has-text-align-center has-text-color\" style=\"color:#256090\">Les cours collectifs<\/h2>\n\n\n\n<p class=\"has-medium-font-size\">Nos moniteurs vous encadrent sur les diff\u00e9rents supports, tous les Samedis matins pour des cours collectifs suivis d&rsquo;un d\u00e9briefing dans le club House. Durant deux heures, vous b\u00e9n\u00e9ficierez d&rsquo;un apprentissage ou d&rsquo;un perfectionnement de toutes les man\u0153uvres en voile: Un vrai partage d&rsquo;exp\u00e9rience.<\/p>\n<\/div><\/div>\n\n\n\n<div style=\"height:38px\" aria-hidden=\"true\" class=\"wp-block-spacer\"><\/div>\n\n\n\n<hr class=\"wp-block-separator has-text-color has-cyan-bluish-gray-color has-css-opacity has-cyan-bluish-gray-background-color has-background is-style-wide\"\/>\n\n\n\n<div class=\"wp-block-button aligncenter\"><a class=\"wp-block-button__link has-very-light-gray-color has-text-color has-background wp-element-button\" href=\"https:\/\/www.voile-valenciennes.fr\/index.php\/nos-offres\/\" style=\"background-color:#256090\">Tarifs et conditions <\/a><\/div>\n\n\n\n<div style=\"height:20px\" aria-hidden=\"true\" class=\"wp-block-spacer\"><\/div>\n\n\n\n<hr class=\"wp-block-separator has-text-color has-cyan-bluish-gray-color has-css-opacity has-cyan-bluish-gray-background-color has-background is-style-wide\"\/>\n\n\n\n<h2 class=\"wp-block-heading has-text-align-center has-text-color\" style=\"color:#256090\">R\u00e9servations : <\/h2>\n\n\n\n<ul class=\"wp-block-list\">\n<li>Pensez \u00e0 r\u00e9server votre cr\u00e9neau en nous contactant : <\/li>\n\n\n\n<li>Par t\u00e9l\u00e9phone au 03.27.29.65.96<\/li>\n\n\n\n<li>Au secr\u00e9tariat sur place : sous r\u00e9serves des places disponibles.<\/li>\n<\/ul>\n\n\n\n<p><\/p>\n","protected":false},"excerpt":{"rendered":"<p>Les cours particuliers Nos moniteurs sont \u00e0 votre disposition pour des cours particuliers adapt\u00e9s \u00e0 votre niveau et \u00e0 vos envies. Les cours collectifs Nos moniteurs vous encadrent sur les diff\u00e9rents supports, tous les Samedis matins pour des cours collectifs suivis d&rsquo;un d\u00e9briefing dans le club House. Durant deux heures, vous b\u00e9n\u00e9ficierez d&rsquo;un apprentissage ou d&rsquo;un perfectionnement de toutes les man\u0153uvres en voile: Un vrai&hellip; <\/p>\n","protected":false},"author":1,"featured_media":0,"parent":0,"menu_order":0,"comment_status":"closed","ping_status":"closed","template":"","meta":{"jetpack_post_was_ever_published":false,"footnotes":""},"class_list":["post-109","page","type-page","status-publish","hentry","clearfix"],"jetpack_sharing_enabled":true,"_links":{"self":[{"href":"https:\/\/www.voile-valenciennes.fr\/index.php\/wp-json\/wp\/v2\/pages\/109","targetHints":{"allow":["GET"]}}],"collection":[{"href":"https:\/\/www.voile-valenciennes.fr\/index.php\/wp-json\/wp\/v2\/pages"}],"about":[{"href":"https:\/\/www.voile-valenciennes.fr\/index.php\/wp-json\/wp\/v2\/types\/page"}],"author":[{"embeddable":true,"href":"https:\/\/www.voile-valenciennes.fr\/index.php\/wp-json\/wp\/v2\/users\/1"}],"replies":[{"embeddable":true,"href":"https:\/\/www.voile-valenciennes.fr\/index.php\/wp-json\/wp\/v2\/comments?post=109"}],"version-history":[{"count":32,"href":"https:\/\/www.voile-valenciennes.fr\/index.php\/wp-json\/wp\/v2\/pages\/109\/revisions"}],"predecessor-version":[{"id":4660,"href":"https:\/\/www.voile-valenciennes.fr\/index.php\/wp-json\/wp\/v2\/pages\/109\/revisions\/4660"}],"wp:attachment":[{"href":"https:\/\/www.voile-valenciennes.fr\/index.php\/wp-json\/wp\/v2\/media?parent=109"}],"curies":[{"name":"wp","href":"https:\/\/api.w.org\/{rel}","templated":true}]}}