{"id":2729,"date":"2021-10-06T08:45:31","date_gmt":"2021-10-06T06:45:31","guid":{"rendered":"https:\/\/www.voile-valenciennes.fr\/?page_id=2729"},"modified":"2025-11-23T19:54:04","modified_gmt":"2025-11-23T18:54:04","slug":"autres-offres","status":"publish","type":"page","link":"https:\/\/www.voile-valenciennes.fr\/index.php\/autres-offres\/","title":{"rendered":"Autres Offres"},"content":{"rendered":"\n<p class=\"has-text-align-center has-vivid-red-color has-text-color has-large-font-size\">Boutique CVV<\/p>\n\n\n\n<p class=\"has-medium-font-size\">Notre boutique est a votre disposition pour vous faire plaisirs ou faire un cadeau. Nos produits sont a r\u00e9gler en ligne et a retirer au club. Il n&rsquo;y a pas de livraison possible. Id\u00e9al pour un anniversaire ou pourquoi pas pour No\u00ebl.<\/p>\n\n\n\n<figure class=\"wp-block-gallery has-nested-images columns-default is-cropped wp-block-gallery-1 is-layout-flex wp-block-gallery-is-layout-flex\">\n<figure class=\"wp-block-image size-large\"><img data-recalc-dims=\"1\" fetchpriority=\"high\" decoding=\"async\" width=\"625\" height=\"289\" data-id=\"4407\" src=\"https:\/\/i0.wp.com\/www.voile-valenciennes.fr\/wp-content\/uploads\/2024\/03\/2024-03-17_15h58_57-1.png?resize=625%2C289&#038;ssl=1\" alt=\"\" class=\"wp-image-4407\" srcset=\"https:\/\/i0.wp.com\/www.voile-valenciennes.fr\/wp-content\/uploads\/2024\/03\/2024-03-17_15h58_57-1.png?w=625&amp;ssl=1 625w, https:\/\/i0.wp.com\/www.voile-valenciennes.fr\/wp-content\/uploads\/2024\/03\/2024-03-17_15h58_57-1.png?resize=300%2C139&amp;ssl=1 300w\" sizes=\"(max-width: 625px) 100vw, 625px\" \/><figcaption class=\"wp-element-caption\">MUG<\/figcaption><\/figure>\n\n\n\n<figure class=\"wp-block-image size-large\"><img data-recalc-dims=\"1\" decoding=\"async\" width=\"282\" height=\"500\" data-id=\"4406\" src=\"https:\/\/i0.wp.com\/www.voile-valenciennes.fr\/wp-content\/uploads\/2024\/03\/Veste_CVV.jpg?resize=282%2C500&#038;ssl=1\" alt=\"\" class=\"wp-image-4406\" srcset=\"https:\/\/i0.wp.com\/www.voile-valenciennes.fr\/wp-content\/uploads\/2024\/03\/Veste_CVV.jpg?w=282&amp;ssl=1 282w, https:\/\/i0.wp.com\/www.voile-valenciennes.fr\/wp-content\/uploads\/2024\/03\/Veste_CVV.jpg?resize=169%2C300&amp;ssl=1 169w\" sizes=\"(max-width: 282px) 100vw, 282px\" \/><figcaption class=\"wp-element-caption\">VESTE HIVERS<\/figcaption><\/figure>\n\n\n\n<figure class=\"wp-block-image size-large\"><img data-recalc-dims=\"1\" decoding=\"async\" width=\"718\" height=\"700\" data-id=\"4405\" src=\"https:\/\/i0.wp.com\/www.voile-valenciennes.fr\/wp-content\/uploads\/2024\/03\/veste-sans-manche-cvv-Decathlon-.jpg?resize=718%2C700&#038;ssl=1\" alt=\"\" class=\"wp-image-4405\" srcset=\"https:\/\/i0.wp.com\/www.voile-valenciennes.fr\/wp-content\/uploads\/2024\/03\/veste-sans-manche-cvv-Decathlon-.jpg?w=718&amp;ssl=1 718w, https:\/\/i0.wp.com\/www.voile-valenciennes.fr\/wp-content\/uploads\/2024\/03\/veste-sans-manche-cvv-Decathlon-.jpg?resize=300%2C292&amp;ssl=1 300w\" sizes=\"(max-width: 718px) 100vw, 718px\" \/><figcaption class=\"wp-element-caption\">VESTE SANS MANCHES<\/figcaption><\/figure>\n<\/figure>\n\n\n\n<iframe id=\"haWidget\" allowtransparency=\"true\" scrolling=\"auto\" src=\"https:\/\/www.helloasso.com\/associations\/cercle-de-voile-de-valenciennes\/boutiques\/boutique\/widget\" style=\"width: 100%; height: 1150px; border: none; onload=\"window.scroll(0, this.offsetTop)\"><\/iframe\n\n\n\n<div style=\"height:59px\" aria-hidden=\"true\" class=\"wp-block-spacer\"><\/div>\n\n\n\n<hr class=\"wp-block-separator has-css-opacity\"\/>\n\n\n<div class=\"wp-block-image\">\n<figure class=\"aligncenter size-large\"><img data-recalc-dims=\"1\" loading=\"lazy\" decoding=\"async\" width=\"413\" height=\"186\" src=\"https:\/\/i0.wp.com\/www.voile-valenciennes.fr\/wp-content\/uploads\/2021\/11\/DON.png?resize=413%2C186&#038;ssl=1\" alt=\"\" class=\"wp-image-2807\" srcset=\"https:\/\/i0.wp.com\/www.voile-valenciennes.fr\/wp-content\/uploads\/2021\/11\/DON.png?w=413&amp;ssl=1 413w, https:\/\/i0.wp.com\/www.voile-valenciennes.fr\/wp-content\/uploads\/2021\/11\/DON.png?resize=300%2C135&amp;ssl=1 300w\" sizes=\"(max-width: 413px) 100vw, 413px\" \/><\/figure>\n<\/div>\n\n\n<p class=\"has-medium-font-size\"><strong>Votre aide est essentielle pour nous aider \u00e0 investir et conserver les liens qui nous unissent \ud83d\udc97<\/strong><\/p>\n\n\n\n<iframe id=\"haWidget\" allowtransparency=\"true\" scrolling=\"auto\" src=\"https:\/\/www.helloasso.com\/associations\/cercle-de-voile-de-valenciennes\/formulaires\/1\/widget\" style=\"width: 100%; height: 750px; border: none;\"><\/iframe>\n\n\n\n<p><strong>Mille mercis pour le soutien que vous nous apportez<\/strong>. Nous avons h\u00e2te de continuer d&rsquo;\u00e9crire notre histoire avec vous. Si vous avez des questions sur notre organisme ou sur nos projets,&nbsp;<strong>n&rsquo;h\u00e9sitez pas \u00e0 nous contacter !&nbsp;<\/strong><\/p>\n","protected":false},"excerpt":{"rendered":"<p>Boutique CVV Notre boutique est a votre disposition pour vous faire plaisirs ou faire un cadeau. Nos produits sont a r\u00e9gler en ligne et a retirer au club. Il n&rsquo;y a pas de livraison possible. Id\u00e9al pour un anniversaire ou pourquoi pas pour No\u00ebl.<\/p>\n","protected":false},"author":1,"featured_media":0,"parent":0,"menu_order":0,"comment_status":"closed","ping_status":"closed","template":"","meta":{"jetpack_post_was_ever_published":false,"footnotes":""},"class_list":["post-2729","page","type-page","status-publish","hentry","clearfix"],"jetpack_sharing_enabled":true,"_links":{"self":[{"href":"https:\/\/www.voile-valenciennes.fr\/index.php\/wp-json\/wp\/v2\/pages\/2729","targetHints":{"allow":["GET"]}}],"collection":[{"href":"https:\/\/www.voile-valenciennes.fr\/index.php\/wp-json\/wp\/v2\/pages"}],"about":[{"href":"https:\/\/www.voile-valenciennes.fr\/index.php\/wp-json\/wp\/v2\/types\/page"}],"author":[{"embeddable":true,"href":"https:\/\/www.voile-valenciennes.fr\/index.php\/wp-json\/wp\/v2\/users\/1"}],"replies":[{"embeddable":true,"href":"https:\/\/www.voile-valenciennes.fr\/index.php\/wp-json\/wp\/v2\/comments?post=2729"}],"version-history":[{"count":40,"href":"https:\/\/www.voile-valenciennes.fr\/index.php\/wp-json\/wp\/v2\/pages\/2729\/revisions"}],"predecessor-version":[{"id":5692,"href":"https:\/\/www.voile-valenciennes.fr\/index.php\/wp-json\/wp\/v2\/pages\/2729\/revisions\/5692"}],"wp:attachment":[{"href":"https:\/\/www.voile-valenciennes.fr\/index.php\/wp-json\/wp\/v2\/media?parent=2729"}],"curies":[{"name":"wp","href":"https:\/\/api.w.org\/{rel}","templated":true}]}}