{"id":3529,"date":"2023-04-07T21:24:31","date_gmt":"2023-04-07T19:24:31","guid":{"rendered":"https:\/\/www.voile-valenciennes.fr\/?page_id=3529"},"modified":"2023-04-21T20:45:10","modified_gmt":"2023-04-21T18:45:10","slug":"journees-portes-ouvertes-2023","status":"publish","type":"page","link":"https:\/\/www.voile-valenciennes.fr\/index.php\/journees-portes-ouvertes-2023\/","title":{"rendered":"Journ\u00e9es Portes Ouvertes 2023"},"content":{"rendered":"<div class=\"wp-block-image\">\n<figure class=\"aligncenter size-large\"><img data-recalc-dims=\"1\" fetchpriority=\"high\" decoding=\"async\" width=\"723\" height=\"1024\" src=\"https:\/\/i0.wp.com\/www.voile-valenciennes.fr\/wp-content\/uploads\/2023\/04\/Affiche_Porte_Ouverte_2023_v2.jpg?resize=723%2C1024&#038;ssl=1\" alt=\"\" class=\"wp-image-3510\" srcset=\"https:\/\/i0.wp.com\/www.voile-valenciennes.fr\/wp-content\/uploads\/2023\/04\/Affiche_Porte_Ouverte_2023_v2.jpg?resize=723%2C1024&amp;ssl=1 723w, https:\/\/i0.wp.com\/www.voile-valenciennes.fr\/wp-content\/uploads\/2023\/04\/Affiche_Porte_Ouverte_2023_v2.jpg?resize=212%2C300&amp;ssl=1 212w, https:\/\/i0.wp.com\/www.voile-valenciennes.fr\/wp-content\/uploads\/2023\/04\/Affiche_Porte_Ouverte_2023_v2.jpg?resize=768%2C1087&amp;ssl=1 768w, https:\/\/i0.wp.com\/www.voile-valenciennes.fr\/wp-content\/uploads\/2023\/04\/Affiche_Porte_Ouverte_2023_v2.jpg?w=946&amp;ssl=1 946w\" sizes=\"(max-width: 723px) 100vw, 723px\" \/><\/figure>\n<\/div>\n\n\n<p class=\"has-text-align-center has-medium-font-size\"><strong>Programme du Week-end<\/strong><\/p>\n\n\n\n<figure class=\"wp-block-table\"><table><tbody><tr><td>APAVAL&rsquo;S<\/td><td>Activit\u00e9s sportives propos\u00e9 par l&rsquo;association :<br>Samedi Matin :Atelier Sport Sant\u00e9 \u00e0 partir de 9H30<br>Samedi Apres-Midi : Marche Nordique, d\u00e9part \u00e0 14H00<br>Dimanche matin : Marche Nordique, d\u00e9part \u00e0 10H00<br>Dimanche matin : S\u00e9ance de Qi Cong<\/td><\/tr><tr><td>ANIMATION VRC<\/td><td>Samedi de 10H-12H &#8211; 14H-16H<br>Dimanche de 10H-12H &#8211; 14H-16H<\/td><\/tr><tr><td>ATELIERS NOEUDS MARIN<\/td><td>Selon affluence, nous vous inviterons<br>a participer \u00e0 l&rsquo;atelier en attendant votre<br>tour pour le bapt\u00eame<\/td><\/tr><tr><td>DEMONSTRATION WING FOIL<\/td><td>Faites par des membres du club, selon la force du vent<\/td><\/tr><tr><td>DEMONSTRATION EFOIL<\/td><td>D\u00e9monstrations sont pr\u00e9vu \u00e0 15H et 16H<br>Samedi et Dimanche<\/td><\/tr><tr><td>BAPTEMES DE VOILE<\/td><td>Samedi et Dimanche 10H-12H &#8211; 14H-16H<\/td><\/tr><tr><td>EXPOXANTS<\/td><td>YOURIDE et PWR FOIL<br>En permanence<\/td><\/tr><tr><td>CONCERT 2 PAS D\u2019ICI<\/td><td>Dimanche 12H30 \u2013 14H30<br>Avec pr\u00e9sence d\u2019un Food Truck pour se restaurer pendant le concert<\/td><\/tr><\/tbody><\/table><\/figure>\n\n\n\n<p class=\"has-text-align-center has-medium-font-size\"><strong>Moment \u00e0 ne pas manquer<\/strong><\/p>\n\n\n\n<p class=\"has-medium-font-size\">Dimanche midi, le groupe <strong>2 PAS D&rsquo;ICI<\/strong> donnera un concert d&rsquo;environ 2 heures.  Un Food Truck sera pr\u00e9sent pour vous restaurer durant le concert. Et bien entendu, notre buvette sera \u00e0 votre disposition.<\/p>\n\n\n<div class=\"wp-block-image\">\n<figure class=\"aligncenter size-medium is-resized\"><img data-recalc-dims=\"1\" decoding=\"async\" src=\"https:\/\/i0.wp.com\/www.voile-valenciennes.fr\/wp-content\/uploads\/2023\/04\/2PASDICI-1.jpg?resize=488%2C383&#038;ssl=1\" alt=\"\" class=\"wp-image-3579\" width=\"488\" height=\"383\" srcset=\"https:\/\/i0.wp.com\/www.voile-valenciennes.fr\/wp-content\/uploads\/2023\/04\/2PASDICI-1.jpg?resize=300%2C235&amp;ssl=1 300w, https:\/\/i0.wp.com\/www.voile-valenciennes.fr\/wp-content\/uploads\/2023\/04\/2PASDICI-1.jpg?resize=1024%2C803&amp;ssl=1 1024w, https:\/\/i0.wp.com\/www.voile-valenciennes.fr\/wp-content\/uploads\/2023\/04\/2PASDICI-1.jpg?resize=768%2C602&amp;ssl=1 768w, https:\/\/i0.wp.com\/www.voile-valenciennes.fr\/wp-content\/uploads\/2023\/04\/2PASDICI-1.jpg?resize=1536%2C1205&amp;ssl=1 1536w, https:\/\/i0.wp.com\/www.voile-valenciennes.fr\/wp-content\/uploads\/2023\/04\/2PASDICI-1.jpg?w=1614&amp;ssl=1 1614w\" sizes=\"(max-width: 488px) 100vw, 488px\" \/><\/figure>\n<\/div>\n\n\n<p class=\"has-text-align-center has-medium-font-size\"><strong>Nos partenaires de l&rsquo;evenement<\/strong><\/p>\n\n\n\n<div class=\"wp-block-columns is-layout-flex wp-container-core-columns-is-layout-9d6595d7 wp-block-columns-is-layout-flex\">\n<div class=\"wp-block-column is-layout-flow wp-block-column-is-layout-flow\" style=\"flex-basis:100%\">\n<div class=\"wp-block-jetpack-tiled-gallery aligncenter is-style-columns\"><div class=\"tiled-gallery__gallery\"><div class=\"tiled-gallery__row\"><div class=\"tiled-gallery__col\" style=\"flex-basis:-Infinity%\"><figure class=\"tiled-gallery__item\"><img decoding=\"async\" srcset=\"https:\/\/i0.wp.com\/www.voile-valenciennes.fr\/wp-content\/uploads\/2023\/04\/APAVALS-Personnalise.jpg?strip=info&#038;w=140&#038;ssl=1 140w\" alt=\"\" data-height=\"140\" data-id=\"3532\" data-link=\"https:\/\/www.voile-valenciennes.fr\/index.php\/journees-portes-ouvertes-2023\/apavals-personnalise\/\" data-url=\"https:\/\/www.voile-valenciennes.fr\/wp-content\/uploads\/2023\/04\/APAVALS-Personnalise.jpg\" data-width=\"140\" src=\"https:\/\/i0.wp.com\/www.voile-valenciennes.fr\/wp-content\/uploads\/2023\/04\/APAVALS-Personnalise.jpg?ssl=1\" data-amp-layout=\"responsive\"\/><\/figure><\/div><div class=\"tiled-gallery__col\" style=\"flex-basis:-Infinity%\"><figure class=\"tiled-gallery__item\"><img decoding=\"async\" srcset=\"https:\/\/i0.wp.com\/www.voile-valenciennes.fr\/wp-content\/uploads\/2023\/04\/logo-YouRide-png-Personnalise.png?strip=info&#038;w=311&#038;ssl=1 311w\" alt=\"\" data-height=\"140\" data-id=\"3533\" data-link=\"https:\/\/www.voile-valenciennes.fr\/index.php\/journees-portes-ouvertes-2023\/logo-youride-png-personnalise\/\" data-url=\"https:\/\/www.voile-valenciennes.fr\/wp-content\/uploads\/2023\/04\/logo-YouRide-png-Personnalise.png\" data-width=\"311\" src=\"https:\/\/i0.wp.com\/www.voile-valenciennes.fr\/wp-content\/uploads\/2023\/04\/logo-YouRide-png-Personnalise.png?ssl=1\" data-amp-layout=\"responsive\"\/><\/figure><\/div><div class=\"tiled-gallery__col\" style=\"flex-basis:NaN%\"><figure class=\"tiled-gallery__item\"><img decoding=\"async\" srcset=\"https:\/\/i2.wp.com\/www.voile-valenciennes.fr\/wp-content\/uploads\/2023\/04\/LOGO_VALENCIENNES-TOURISME-RVB-Personnalise.jpg?strip=info&#038;w=318&#038;ssl=1 318w\" alt=\"\" data-height=\"140\" data-id=\"3534\" data-link=\"https:\/\/www.voile-valenciennes.fr\/index.php\/journees-portes-ouvertes-2023\/print\/\" data-url=\"https:\/\/www.voile-valenciennes.fr\/wp-content\/uploads\/2023\/04\/LOGO_VALENCIENNES-TOURISME-RVB-Personnalise.jpg\" data-width=\"318\" src=\"https:\/\/i2.wp.com\/www.voile-valenciennes.fr\/wp-content\/uploads\/2023\/04\/LOGO_VALENCIENNES-TOURISME-RVB-Personnalise.jpg?ssl=1\" data-amp-layout=\"responsive\"\/><\/figure><\/div><div class=\"tiled-gallery__col\"><figure class=\"tiled-gallery__item\"><img decoding=\"async\" srcset=\"https:\/\/i0.wp.com\/www.voile-valenciennes.fr\/wp-content\/uploads\/2023\/04\/PWR-Foil-1024x356.png?strip=info&#038;w=600&#038;ssl=1 600w,https:\/\/i0.wp.com\/www.voile-valenciennes.fr\/wp-content\/uploads\/2023\/04\/PWR-Foil-1024x356.png?strip=info&#038;w=900&#038;ssl=1 900w,https:\/\/i0.wp.com\/www.voile-valenciennes.fr\/wp-content\/uploads\/2023\/04\/PWR-Foil-1024x356.png?strip=info&#038;w=1200&#038;ssl=1 1200w,https:\/\/i0.wp.com\/www.voile-valenciennes.fr\/wp-content\/uploads\/2023\/04\/PWR-Foil-1024x356.png?strip=info&#038;w=1500&#038;ssl=1 1500w,https:\/\/i0.wp.com\/www.voile-valenciennes.fr\/wp-content\/uploads\/2023\/04\/PWR-Foil-1024x356.png?strip=info&#038;w=1800&#038;ssl=1 1800w,https:\/\/i0.wp.com\/www.voile-valenciennes.fr\/wp-content\/uploads\/2023\/04\/PWR-Foil-1024x356.png?strip=info&#038;w=2000&#038;ssl=1 2000w\" alt=\"\" data-height=\"996\" data-id=\"3584\" data-link=\"https:\/\/www.voile-valenciennes.fr\/index.php\/journees-portes-ouvertes-2023\/pwr-foil\/\" data-url=\"https:\/\/www.voile-valenciennes.fr\/wp-content\/uploads\/2023\/04\/PWR-Foil-1024x356.png\" data-width=\"2865\" src=\"https:\/\/i0.wp.com\/www.voile-valenciennes.fr\/wp-content\/uploads\/2023\/04\/PWR-Foil-1024x356.png?ssl=1\" data-amp-layout=\"responsive\"\/><\/figure><\/div><\/div><\/div><\/div>\n<\/div>\n<\/div>\n","protected":false},"excerpt":{"rendered":"<p>Programme du Week-end APAVAL&rsquo;S Activit\u00e9s sportives propos\u00e9 par l&rsquo;association :Samedi Matin :Atelier Sport Sant\u00e9 \u00e0 partir de 9H30Samedi Apres-Midi : Marche Nordique, d\u00e9part \u00e0 14H00Dimanche matin : Marche Nordique, d\u00e9part \u00e0 10H00Dimanche matin : S\u00e9ance de Qi Cong ANIMATION VRC Samedi de 10H-12H &#8211; 14H-16HDimanche de 10H-12H &#8211; 14H-16H ATELIERS NOEUDS MARIN Selon affluence, nous vous inviteronsa participer \u00e0 l&rsquo;atelier en attendant votretour pour le&hellip; <\/p>\n","protected":false},"author":1,"featured_media":0,"parent":0,"menu_order":0,"comment_status":"closed","ping_status":"closed","template":"","meta":{"jetpack_post_was_ever_published":false,"footnotes":""},"class_list":["post-3529","page","type-page","status-publish","hentry","clearfix"],"jetpack_sharing_enabled":true,"_links":{"self":[{"href":"https:\/\/www.voile-valenciennes.fr\/index.php\/wp-json\/wp\/v2\/pages\/3529","targetHints":{"allow":["GET"]}}],"collection":[{"href":"https:\/\/www.voile-valenciennes.fr\/index.php\/wp-json\/wp\/v2\/pages"}],"about":[{"href":"https:\/\/www.voile-valenciennes.fr\/index.php\/wp-json\/wp\/v2\/types\/page"}],"author":[{"embeddable":true,"href":"https:\/\/www.voile-valenciennes.fr\/index.php\/wp-json\/wp\/v2\/users\/1"}],"replies":[{"embeddable":true,"href":"https:\/\/www.voile-valenciennes.fr\/index.php\/wp-json\/wp\/v2\/comments?post=3529"}],"version-history":[{"count":6,"href":"https:\/\/www.voile-valenciennes.fr\/index.php\/wp-json\/wp\/v2\/pages\/3529\/revisions"}],"predecessor-version":[{"id":3667,"href":"https:\/\/www.voile-valenciennes.fr\/index.php\/wp-json\/wp\/v2\/pages\/3529\/revisions\/3667"}],"wp:attachment":[{"href":"https:\/\/www.voile-valenciennes.fr\/index.php\/wp-json\/wp\/v2\/media?parent=3529"}],"curies":[{"name":"wp","href":"https:\/\/api.w.org\/{rel}","templated":true}]}}