{"id":76,"date":"2019-11-17T11:42:46","date_gmt":"2019-11-17T10:42:46","guid":{"rendered":"https:\/\/clubdevoilevalenciennes.wordpress.com\/?page_id=76"},"modified":"2024-07-25T09:11:34","modified_gmt":"2024-07-25T07:11:34","slug":"la-voile-scolaire","status":"publish","type":"page","link":"https:\/\/www.voile-valenciennes.fr\/index.php\/la-voile-scolaire\/","title":{"rendered":"La voile scolaire"},"content":{"rendered":"\n<p class=\"has-very-dark-gray-color has-text-color has-medium-font-size\">Le Cercle de Voile de Valenciennes propose aux \u00e9coles primaires, aux coll\u00e8ges et aux lyc\u00e9es, des cours de voiles sous forme \u00ab\u00a0d&rsquo;initiation voile\u00a0\u00bb ou de stages.<br>L\u2019\u00e9ducation physique et sportive contribue au d\u00e9veloppement des enfants et \u00e0 leur \u00e9quilibre. C\u2019est pour cette raison que le Cercle de Voile de Valenciennes propose d\u2019accueillir les \u00e9l\u00e8ves pour une pratique de la voile durant l\u2019ann\u00e9e scolaire. L\u2019ensemble des \u00e9quipements (Gilets de sauvetage, etc) seront mis \u00e0 votre disposition.<\/p>\n\n\n\n<hr class=\"wp-block-separator has-css-opacity\"\/>\n\n\n\n<div class=\"wp-block-media-text alignwide has-media-on-the-right is-stacked-on-mobile\" style=\"grid-template-columns:auto 49%\"><div class=\"wp-block-media-text__content\">\n<h2 class=\"wp-block-heading has-text-align-center has-text-color\" style=\"color:#256090\">COLLEGES<\/h2>\n\n\n\n<p class=\"has-very-dark-gray-color has-text-color has-medium-font-size\">Vous souhaitez proposer pour votre \u00e9tablissement un sport original, venez d\u00e9couvrir les activit\u00e9s nautiques.<br>Sous forme de cycles de deux \u00e0 vingt heures, venez d\u00e9couvrir l&rsquo;ensemble des comp\u00e9tences que les \u00e9l\u00e8ves pourront d\u00e9velopper sur nos diff\u00e9rents supports.<\/p>\n<\/div><figure class=\"wp-block-media-text__media\"><img data-recalc-dims=\"1\" fetchpriority=\"high\" decoding=\"async\" width=\"790\" height=\"527\" src=\"https:\/\/i0.wp.com\/www.voile-valenciennes.fr\/wp-content\/uploads\/2019\/11\/69282099_1002956903392396_6955949674767319040_n.jpg?resize=790%2C527&#038;ssl=1\" alt=\"\" class=\"wp-image-854 size-full\" srcset=\"https:\/\/i0.wp.com\/www.voile-valenciennes.fr\/wp-content\/uploads\/2019\/11\/69282099_1002956903392396_6955949674767319040_n.jpg?resize=1024%2C683&amp;ssl=1 1024w, https:\/\/i0.wp.com\/www.voile-valenciennes.fr\/wp-content\/uploads\/2019\/11\/69282099_1002956903392396_6955949674767319040_n.jpg?resize=300%2C200&amp;ssl=1 300w, https:\/\/i0.wp.com\/www.voile-valenciennes.fr\/wp-content\/uploads\/2019\/11\/69282099_1002956903392396_6955949674767319040_n.jpg?resize=768%2C512&amp;ssl=1 768w, https:\/\/i0.wp.com\/www.voile-valenciennes.fr\/wp-content\/uploads\/2019\/11\/69282099_1002956903392396_6955949674767319040_n.jpg?resize=1536%2C1024&amp;ssl=1 1536w, https:\/\/i0.wp.com\/www.voile-valenciennes.fr\/wp-content\/uploads\/2019\/11\/69282099_1002956903392396_6955949674767319040_n.jpg?resize=700%2C467&amp;ssl=1 700w, https:\/\/i0.wp.com\/www.voile-valenciennes.fr\/wp-content\/uploads\/2019\/11\/69282099_1002956903392396_6955949674767319040_n.jpg?resize=2000%2C1333&amp;ssl=1 2000w, https:\/\/i0.wp.com\/www.voile-valenciennes.fr\/wp-content\/uploads\/2019\/11\/69282099_1002956903392396_6955949674767319040_n.jpg?resize=900%2C600&amp;ssl=1 900w, https:\/\/i0.wp.com\/www.voile-valenciennes.fr\/wp-content\/uploads\/2019\/11\/69282099_1002956903392396_6955949674767319040_n.jpg?resize=600%2C400&amp;ssl=1 600w, https:\/\/i0.wp.com\/www.voile-valenciennes.fr\/wp-content\/uploads\/2019\/11\/69282099_1002956903392396_6955949674767319040_n.jpg?w=2048&amp;ssl=1 2048w\" sizes=\"(max-width: 790px) 100vw, 790px\" \/><\/figure><\/div>\n\n\n\n<div style=\"height:34px\" aria-hidden=\"true\" class=\"wp-block-spacer\"><\/div>\n\n\n\n<hr class=\"wp-block-separator has-css-opacity\"\/>\n\n\n\n<div style=\"height:20px\" aria-hidden=\"true\" class=\"wp-block-spacer\"><\/div>\n\n\n\n<div class=\"wp-block-media-text alignwide has-media-on-the-right is-stacked-on-mobile is-image-fill\"><div class=\"wp-block-media-text__content\">\n<h2 class=\"wp-block-heading has-text-align-center has-text-color\" style=\"color:#256090\">ECOLES<\/h2>\n\n\n\n<p class=\"has-very-dark-gray-color has-text-color has-medium-font-size\">La pratique de la voile est possible \u00e0 partir de 7 ans sous condition de savoir nager.<br>Sous forme de cycles de deux \u00e0 vingt heures, les \u00e9l\u00e8ves pourront acqu\u00e9rir une exp\u00e9rience sur nos diff\u00e9rents supports adapt\u00e9s \u00e0 la morphologie des enfants.<\/p>\n<\/div><figure class=\"wp-block-media-text__media\" style=\"background-image:url(https:\/\/www.voile-valenciennes.fr\/wp-content\/uploads\/2019\/11\/voile-banderole.jpg);background-position:50% 50%\"><img data-recalc-dims=\"1\" decoding=\"async\" width=\"790\" height=\"593\" src=\"https:\/\/i0.wp.com\/www.voile-valenciennes.fr\/wp-content\/uploads\/2019\/11\/voile-banderole.jpg?resize=790%2C593&#038;ssl=1\" alt=\"\" class=\"wp-image-161 size-full\" srcset=\"https:\/\/i0.wp.com\/www.voile-valenciennes.fr\/wp-content\/uploads\/2019\/11\/voile-banderole.jpg?w=960&amp;ssl=1 960w, https:\/\/i0.wp.com\/www.voile-valenciennes.fr\/wp-content\/uploads\/2019\/11\/voile-banderole.jpg?resize=300%2C225&amp;ssl=1 300w, https:\/\/i0.wp.com\/www.voile-valenciennes.fr\/wp-content\/uploads\/2019\/11\/voile-banderole.jpg?resize=768%2C576&amp;ssl=1 768w\" sizes=\"(max-width: 790px) 100vw, 790px\" \/><\/figure><\/div>\n\n\n\n<div style=\"height:25px\" aria-hidden=\"true\" class=\"wp-block-spacer\"><\/div>\n\n\n\n<hr class=\"wp-block-separator has-css-opacity\"\/>\n\n\n\n<h2 class=\"wp-block-heading has-text-align-center has-text-color\" style=\"color:#256090\">Initiation Voile<\/h2>\n\n\n\n<p class=\"has-medium-font-size\">Nous proposons aux \u00e9coles primaires de planifier six s\u00e9ances d\u2019une \u00bd Journ\u00e9e.  En compl\u00e9ment des s\u00e9ances, le CVV est en mesure de proposer des sessions de stages sur des p\u00e9riodes d&rsquo;une journ\u00e9e \u00e0 une semaine. Nous proposerons \u00e9galement des activit\u00e9s p\u00e9dagogiques autour de la th\u00e9matique de la voile : <\/p>\n\n\n\n<ul class=\"wp-block-list\">\n<li>Gr\u00e9er\/d\u00e9gr\u00e9er<\/li>\n\n\n\n<li>Parcours n\u0153uds marins<\/li>\n\n\n\n<li>Parcours d\u2019orientation int\u00e9grant une approche du milieu ou des sp\u00e9cificit\u00e9s locales<\/li>\n\n\n\n<li>Fonctionnement de la boussole<\/li>\n\n\n\n<li>Lancers d\u2019amarres<\/li>\n\n\n\n<li>Quizz \u00ab connaissance de l\u2019activit\u00e9 \u00bb <\/li>\n<\/ul>\n\n\n\n<figure class=\"wp-block-gallery has-nested-images columns-default is-cropped wp-block-gallery-1 is-layout-flex wp-block-gallery-is-layout-flex\">\n<figure class=\"wp-block-image size-large\"><img data-recalc-dims=\"1\" decoding=\"async\" width=\"790\" height=\"444\" data-id=\"1189\" src=\"https:\/\/i0.wp.com\/www.voile-valenciennes.fr\/wp-content\/uploads\/2019\/12\/76682594_2520760108213515_2598484527231795200_n.jpg?resize=790%2C444&#038;ssl=1\" alt=\"\" class=\"wp-image-1189\" srcset=\"https:\/\/i0.wp.com\/www.voile-valenciennes.fr\/wp-content\/uploads\/2019\/12\/76682594_2520760108213515_2598484527231795200_n.jpg?resize=1024%2C576&amp;ssl=1 1024w, https:\/\/i0.wp.com\/www.voile-valenciennes.fr\/wp-content\/uploads\/2019\/12\/76682594_2520760108213515_2598484527231795200_n.jpg?resize=300%2C169&amp;ssl=1 300w, https:\/\/i0.wp.com\/www.voile-valenciennes.fr\/wp-content\/uploads\/2019\/12\/76682594_2520760108213515_2598484527231795200_n.jpg?resize=768%2C432&amp;ssl=1 768w, https:\/\/i0.wp.com\/www.voile-valenciennes.fr\/wp-content\/uploads\/2019\/12\/76682594_2520760108213515_2598484527231795200_n.jpg?resize=700%2C394&amp;ssl=1 700w, https:\/\/i0.wp.com\/www.voile-valenciennes.fr\/wp-content\/uploads\/2019\/12\/76682594_2520760108213515_2598484527231795200_n.jpg?resize=712%2C400&amp;ssl=1 712w, https:\/\/i0.wp.com\/www.voile-valenciennes.fr\/wp-content\/uploads\/2019\/12\/76682594_2520760108213515_2598484527231795200_n.jpg?w=1400&amp;ssl=1 1400w\" sizes=\"(max-width: 790px) 100vw, 790px\" \/><\/figure>\n\n\n\n<figure class=\"wp-block-image size-large\"><img data-recalc-dims=\"1\" loading=\"lazy\" decoding=\"async\" width=\"790\" height=\"305\" data-id=\"847\" src=\"https:\/\/i0.wp.com\/www.voile-valenciennes.fr\/wp-content\/uploads\/2019\/11\/club-image.jpg?resize=790%2C305&#038;ssl=1\" alt=\"\" class=\"wp-image-847\" srcset=\"https:\/\/i0.wp.com\/www.voile-valenciennes.fr\/wp-content\/uploads\/2019\/11\/club-image.jpg?w=944&amp;ssl=1 944w, https:\/\/i0.wp.com\/www.voile-valenciennes.fr\/wp-content\/uploads\/2019\/11\/club-image.jpg?resize=300%2C116&amp;ssl=1 300w, https:\/\/i0.wp.com\/www.voile-valenciennes.fr\/wp-content\/uploads\/2019\/11\/club-image.jpg?resize=768%2C297&amp;ssl=1 768w, https:\/\/i0.wp.com\/www.voile-valenciennes.fr\/wp-content\/uploads\/2019\/11\/club-image.jpg?resize=700%2C271&amp;ssl=1 700w\" sizes=\"(max-width: 790px) 100vw, 790px\" \/><\/figure>\n<\/figure>\n\n\n\n<hr class=\"wp-block-separator has-css-opacity\"\/>\n\n\n\n<h3 class=\"wp-block-heading has-text-align-center has-text-color\" style=\"color:#256090\">TARIFS pour six demi-journ\u00e9es \u00ab\u00a0Initiation Voile\u00a0\u00bb<\/h3>\n\n\n\n<figure class=\"wp-block-table aligncenter is-style-stripes\"><table><tbody><tr><td><strong>Une \u00e9cole primaire avec 2 classes <\/strong><\/td><td class=\"has-text-align-center\" data-align=\"center\">2500 \u20ac<\/td><\/tr><tr><td><strong>Une \u00e9cole primaire avec une seule classe<\/strong><\/td><td class=\"has-text-align-center\" data-align=\"center\">1250 \u20ac<\/td><\/tr><\/tbody><\/table><\/figure>\n","protected":false},"excerpt":{"rendered":"<p>Le Cercle de Voile de Valenciennes propose aux \u00e9coles primaires, aux coll\u00e8ges et aux lyc\u00e9es, des cours de voiles sous forme \u00ab\u00a0d&rsquo;initiation voile\u00a0\u00bb ou de stages.L\u2019\u00e9ducation physique et sportive contribue au d\u00e9veloppement des enfants et \u00e0 leur \u00e9quilibre. C\u2019est pour cette raison que le Cercle de Voile de Valenciennes propose d\u2019accueillir les \u00e9l\u00e8ves pour une pratique de la voile durant l\u2019ann\u00e9e scolaire. L\u2019ensemble des \u00e9quipements&hellip; <\/p>\n","protected":false},"author":1,"featured_media":0,"parent":0,"menu_order":0,"comment_status":"closed","ping_status":"closed","template":"","meta":{"jetpack_post_was_ever_published":false,"footnotes":""},"class_list":["post-76","page","type-page","status-publish","hentry","clearfix"],"jetpack_sharing_enabled":true,"_links":{"self":[{"href":"https:\/\/www.voile-valenciennes.fr\/index.php\/wp-json\/wp\/v2\/pages\/76","targetHints":{"allow":["GET"]}}],"collection":[{"href":"https:\/\/www.voile-valenciennes.fr\/index.php\/wp-json\/wp\/v2\/pages"}],"about":[{"href":"https:\/\/www.voile-valenciennes.fr\/index.php\/wp-json\/wp\/v2\/types\/page"}],"author":[{"embeddable":true,"href":"https:\/\/www.voile-valenciennes.fr\/index.php\/wp-json\/wp\/v2\/users\/1"}],"replies":[{"embeddable":true,"href":"https:\/\/www.voile-valenciennes.fr\/index.php\/wp-json\/wp\/v2\/comments?post=76"}],"version-history":[{"count":44,"href":"https:\/\/www.voile-valenciennes.fr\/index.php\/wp-json\/wp\/v2\/pages\/76\/revisions"}],"predecessor-version":[{"id":4663,"href":"https:\/\/www.voile-valenciennes.fr\/index.php\/wp-json\/wp\/v2\/pages\/76\/revisions\/4663"}],"wp:attachment":[{"href":"https:\/\/www.voile-valenciennes.fr\/index.php\/wp-json\/wp\/v2\/media?parent=76"}],"curies":[{"name":"wp","href":"https:\/\/api.w.org\/{rel}","templated":true}]}}